{"id":2515,"date":"2025-01-11T21:57:42","date_gmt":"2025-01-11T21:57:42","guid":{"rendered":"https:\/\/nordictrolley.dk\/produkt\/batteriladdare-larvalite\/"},"modified":"2025-01-11T21:57:42","modified_gmt":"2025-01-11T20:57:42","slug":"batteriladdare-larvalite","status":"publish","type":"product","link":"https:\/\/nordictrolley.dk\/sv\/produkt\/batteriladdare-larvalite\/","title":{"rendered":"Batteriladdare LarvaLite"},"content":{"rendered":"<p>Extra batteriladdare f\u00f6r LarvaLite. Perfekt som reservladdare eller f\u00f6r anv\u00e4ndning p\u00e5 olika platser.<\/p>\n","protected":false},"excerpt":{"rendered":"<p>Extra batteriladdare f\u00f6r LarvaLite. Perfekt som reservladdare eller f\u00f6r anv\u00e4ndning p\u00e5 olika platser.<\/p>\n","protected":false},"featured_media":2518,"template":"","meta":[],"product_brand":[],"product_cat":[35,33],"product_tag":[],"class_list":{"0":"post-2515","1":"product","2":"type-product","3":"status-publish","4":"has-post-thumbnail","6":"product_cat-larvalite","7":"product_cat-tillbehoer","9":"first","10":"instock","11":"taxable","12":"shipping-taxable","13":"purchasable","14":"product-type-simple"},"_links":{"self":[{"href":"https:\/\/nordictrolley.dk\/sv\/wp-json\/wp\/v2\/product\/2515"}],"collection":[{"href":"https:\/\/nordictrolley.dk\/sv\/wp-json\/wp\/v2\/product"}],"about":[{"href":"https:\/\/nordictrolley.dk\/sv\/wp-json\/wp\/v2\/types\/product"}],"wp:featuredmedia":[{"embeddable":true,"href":"https:\/\/nordictrolley.dk\/sv\/wp-json\/wp\/v2\/media\/2518"}],"wp:attachment":[{"href":"https:\/\/nordictrolley.dk\/sv\/wp-json\/wp\/v2\/media?parent=2515"}],"wp:term":[{"taxonomy":"product_brand","embeddable":true,"href":"https:\/\/nordictrolley.dk\/sv\/wp-json\/wp\/v2\/product_brand?post=2515"},{"taxonomy":"product_cat","embeddable":true,"href":"https:\/\/nordictrolley.dk\/sv\/wp-json\/wp\/v2\/product_cat?post=2515"},{"taxonomy":"product_tag","embeddable":true,"href":"https:\/\/nordictrolley.dk\/sv\/wp-json\/wp\/v2\/product_tag?post=2515"}],"curies":[{"name":"wp","href":"https:\/\/api.w.org\/{rel}","templated":true}]}}