{"id":2510,"date":"2025-01-11T21:52:31","date_gmt":"2025-01-11T21:52:31","guid":{"rendered":"https:\/\/nordictrolley.dk\/produkt\/litiumbatteri-thorlift-pro\/"},"modified":"2025-01-11T21:52:31","modified_gmt":"2025-01-11T20:52:31","slug":"litiumbatteri-thorlift-pro","status":"publish","type":"product","link":"https:\/\/nordictrolley.dk\/sv\/produkt\/litiumbatteri-thorlift-pro\/","title":{"rendered":"Litiumbatteri ThorLift Pro"},"content":{"rendered":"<p>Extra litiumbatteri f\u00f6r ThorLift Pro, vilket s\u00e4kerst\u00e4ller l\u00e4ngre driftstid. Perfekt f\u00f6r kr\u00e4vande uppgifter eller dagar med intensiv anv\u00e4ndning. L\u00e4tt att byta ut och h\u00f6g prestanda.<\/p>\n","protected":false},"excerpt":{"rendered":"<p>Extra litiumbatteri f\u00f6r ThorLift Pro, vilket s\u00e4kerst\u00e4ller l\u00e4ngre driftstid. Perfekt f\u00f6r kr\u00e4vande uppgifter eller dagar med intensiv anv\u00e4ndning. L\u00e4tt att byta ut och h\u00f6g prestanda.<\/p>\n","protected":false},"featured_media":2511,"template":"","meta":[],"product_brand":[],"product_cat":[34,33],"product_tag":[],"class_list":{"0":"post-2510","1":"product","2":"type-product","3":"status-publish","4":"has-post-thumbnail","6":"product_cat-thorlift-pro","7":"product_cat-tillbehoer","9":"first","10":"instock","11":"taxable","12":"shipping-taxable","13":"purchasable","14":"product-type-simple"},"_links":{"self":[{"href":"https:\/\/nordictrolley.dk\/sv\/wp-json\/wp\/v2\/product\/2510"}],"collection":[{"href":"https:\/\/nordictrolley.dk\/sv\/wp-json\/wp\/v2\/product"}],"about":[{"href":"https:\/\/nordictrolley.dk\/sv\/wp-json\/wp\/v2\/types\/product"}],"wp:featuredmedia":[{"embeddable":true,"href":"https:\/\/nordictrolley.dk\/sv\/wp-json\/wp\/v2\/media\/2511"}],"wp:attachment":[{"href":"https:\/\/nordictrolley.dk\/sv\/wp-json\/wp\/v2\/media?parent=2510"}],"wp:term":[{"taxonomy":"product_brand","embeddable":true,"href":"https:\/\/nordictrolley.dk\/sv\/wp-json\/wp\/v2\/product_brand?post=2510"},{"taxonomy":"product_cat","embeddable":true,"href":"https:\/\/nordictrolley.dk\/sv\/wp-json\/wp\/v2\/product_cat?post=2510"},{"taxonomy":"product_tag","embeddable":true,"href":"https:\/\/nordictrolley.dk\/sv\/wp-json\/wp\/v2\/product_tag?post=2510"}],"curies":[{"name":"wp","href":"https:\/\/api.w.org\/{rel}","templated":true}]}}