{"id":2509,"date":"2025-01-11T21:43:11","date_gmt":"2025-01-11T21:43:11","guid":{"rendered":"https:\/\/nordictrolley.dk\/produkt\/litiumbatteri-larvalite\/"},"modified":"2025-01-11T21:43:11","modified_gmt":"2025-01-11T20:43:11","slug":"litiumbatteri-larvalite","status":"publish","type":"product","link":"https:\/\/nordictrolley.dk\/sv\/produkt\/litiumbatteri-larvalite\/","title":{"rendered":"Litiumbatteri LarvaLite"},"content":{"rendered":"<p>Ett extra litiumbatteri till LarvaLite som g\u00f6r att du kan arbeta l\u00e4ngre utan att beh\u00f6va ladda.<\/p>\n","protected":false},"excerpt":{"rendered":"<p>Ett extra litiumbatteri till LarvaLite som g\u00f6r att du kan arbeta l\u00e4ngre utan att beh\u00f6va ladda.<\/p>\n","protected":false},"featured_media":2517,"template":"","meta":[],"product_brand":[],"product_cat":[35,33],"product_tag":[],"class_list":{"0":"post-2509","1":"product","2":"type-product","3":"status-publish","4":"has-post-thumbnail","6":"product_cat-larvalite","7":"product_cat-tillbehoer","9":"first","10":"instock","11":"taxable","12":"shipping-taxable","13":"purchasable","14":"product-type-simple"},"_links":{"self":[{"href":"https:\/\/nordictrolley.dk\/sv\/wp-json\/wp\/v2\/product\/2509"}],"collection":[{"href":"https:\/\/nordictrolley.dk\/sv\/wp-json\/wp\/v2\/product"}],"about":[{"href":"https:\/\/nordictrolley.dk\/sv\/wp-json\/wp\/v2\/types\/product"}],"wp:featuredmedia":[{"embeddable":true,"href":"https:\/\/nordictrolley.dk\/sv\/wp-json\/wp\/v2\/media\/2517"}],"wp:attachment":[{"href":"https:\/\/nordictrolley.dk\/sv\/wp-json\/wp\/v2\/media?parent=2509"}],"wp:term":[{"taxonomy":"product_brand","embeddable":true,"href":"https:\/\/nordictrolley.dk\/sv\/wp-json\/wp\/v2\/product_brand?post=2509"},{"taxonomy":"product_cat","embeddable":true,"href":"https:\/\/nordictrolley.dk\/sv\/wp-json\/wp\/v2\/product_cat?post=2509"},{"taxonomy":"product_tag","embeddable":true,"href":"https:\/\/nordictrolley.dk\/sv\/wp-json\/wp\/v2\/product_tag?post=2509"}],"curies":[{"name":"wp","href":"https:\/\/api.w.org\/{rel}","templated":true}]}}