{"id":2506,"date":"2025-01-11T21:32:22","date_gmt":"2025-01-11T21:32:22","guid":{"rendered":"https:\/\/nordictrolley.dk\/produkt\/transportlaada\/"},"modified":"2025-01-11T21:32:22","modified_gmt":"2025-01-11T20:32:22","slug":"transportlaada","status":"publish","type":"product","link":"https:\/\/nordictrolley.dk\/sv\/produkt\/transportlaada\/","title":{"rendered":"Transportl\u00e5da"},"content":{"rendered":"<p>En robust transportl\u00e5da som \u00e4r idealisk f\u00f6r att transportera tunga eller otympliga f\u00f6rem\u00e5l till och fr\u00e5n din elektriska trapphiss. Med m\u00e5tten 515 x 400 x 369 mm ger transportl\u00e5dan en stabil bas som g\u00f6r det enkelt att flytta l\u00e5dor, verktyg och andra f\u00f6rem\u00e5l s\u00e4kert och effektivt.<\/p>\n","protected":false},"excerpt":{"rendered":"<p>En robust transportl\u00e5da som \u00e4r idealisk f\u00f6r att transportera tunga eller otympliga f\u00f6rem\u00e5l till och fr\u00e5n din elektriska trapphiss. Med m\u00e5tten 515 x 400 x 369 mm ger transportl\u00e5dan en stabil bas som g\u00f6r det enkelt att flytta l\u00e5dor, verktyg och andra f\u00f6rem\u00e5l s\u00e4kert och effektivt.<\/p>\n","protected":false},"featured_media":2507,"template":"","meta":[],"product_brand":[],"product_cat":[35,34,33],"product_tag":[],"class_list":{"0":"post-2506","1":"product","2":"type-product","3":"status-publish","4":"has-post-thumbnail","6":"product_cat-larvalite","7":"product_cat-thorlift-pro","8":"product_cat-tillbehoer","10":"first","11":"instock","12":"taxable","13":"shipping-taxable","14":"purchasable","15":"product-type-simple"},"_links":{"self":[{"href":"https:\/\/nordictrolley.dk\/sv\/wp-json\/wp\/v2\/product\/2506"}],"collection":[{"href":"https:\/\/nordictrolley.dk\/sv\/wp-json\/wp\/v2\/product"}],"about":[{"href":"https:\/\/nordictrolley.dk\/sv\/wp-json\/wp\/v2\/types\/product"}],"wp:featuredmedia":[{"embeddable":true,"href":"https:\/\/nordictrolley.dk\/sv\/wp-json\/wp\/v2\/media\/2507"}],"wp:attachment":[{"href":"https:\/\/nordictrolley.dk\/sv\/wp-json\/wp\/v2\/media?parent=2506"}],"wp:term":[{"taxonomy":"product_brand","embeddable":true,"href":"https:\/\/nordictrolley.dk\/sv\/wp-json\/wp\/v2\/product_brand?post=2506"},{"taxonomy":"product_cat","embeddable":true,"href":"https:\/\/nordictrolley.dk\/sv\/wp-json\/wp\/v2\/product_cat?post=2506"},{"taxonomy":"product_tag","embeddable":true,"href":"https:\/\/nordictrolley.dk\/sv\/wp-json\/wp\/v2\/product_tag?post=2506"}],"curies":[{"name":"wp","href":"https:\/\/api.w.org\/{rel}","templated":true}]}}