{"id":2499,"date":"2025-01-11T21:26:56","date_gmt":"2025-01-11T21:26:56","guid":{"rendered":"https:\/\/nordictrolley.dk\/produkt\/thorlift-pro-stoedhjulssystem\/"},"modified":"2025-01-11T21:26:56","modified_gmt":"2025-01-11T20:26:56","slug":"thorlift-pro-stoedhjulssystem","status":"publish","type":"product","link":"https:\/\/nordictrolley.dk\/sv\/produkt\/thorlift-pro-stoedhjulssystem\/","title":{"rendered":"ThorLift Pro st\u00f6dhjulssystem"},"content":{"rendered":"<p>Ett specialdesignat st\u00f6dhjulssystem som f\u00f6rb\u00e4ttrar stabiliteten och g\u00f6r det enklare att hantera tunga laster i oj\u00e4mn terr\u00e4ng. Ett m\u00e5ste f\u00f6r kr\u00e4vande transportuppgifter d\u00e4r extra st\u00f6d beh\u00f6vs.<\/p>\n","protected":false},"excerpt":{"rendered":"<p>Ett specialdesignat st\u00f6dhjulssystem som f\u00f6rb\u00e4ttrar stabiliteten och g\u00f6r det enklare att hantera tunga laster i oj\u00e4mn terr\u00e4ng. Ett m\u00e5ste f\u00f6r kr\u00e4vande transportuppgifter d\u00e4r extra st\u00f6d beh\u00f6vs.<\/p>\n","protected":false},"featured_media":2500,"template":"","meta":[],"product_brand":[],"product_cat":[34,33],"product_tag":[],"class_list":{"0":"post-2499","1":"product","2":"type-product","3":"status-publish","4":"has-post-thumbnail","6":"product_cat-thorlift-pro","7":"product_cat-tillbehoer","9":"first","10":"instock","11":"taxable","12":"shipping-taxable","13":"purchasable","14":"product-type-simple"},"_links":{"self":[{"href":"https:\/\/nordictrolley.dk\/sv\/wp-json\/wp\/v2\/product\/2499"}],"collection":[{"href":"https:\/\/nordictrolley.dk\/sv\/wp-json\/wp\/v2\/product"}],"about":[{"href":"https:\/\/nordictrolley.dk\/sv\/wp-json\/wp\/v2\/types\/product"}],"wp:featuredmedia":[{"embeddable":true,"href":"https:\/\/nordictrolley.dk\/sv\/wp-json\/wp\/v2\/media\/2500"}],"wp:attachment":[{"href":"https:\/\/nordictrolley.dk\/sv\/wp-json\/wp\/v2\/media?parent=2499"}],"wp:term":[{"taxonomy":"product_brand","embeddable":true,"href":"https:\/\/nordictrolley.dk\/sv\/wp-json\/wp\/v2\/product_brand?post=2499"},{"taxonomy":"product_cat","embeddable":true,"href":"https:\/\/nordictrolley.dk\/sv\/wp-json\/wp\/v2\/product_cat?post=2499"},{"taxonomy":"product_tag","embeddable":true,"href":"https:\/\/nordictrolley.dk\/sv\/wp-json\/wp\/v2\/product_tag?post=2499"}],"curies":[{"name":"wp","href":"https:\/\/api.w.org\/{rel}","templated":true}]}}