{"id":2497,"date":"2025-01-11T21:25:11","date_gmt":"2025-01-11T21:25:11","guid":{"rendered":"https:\/\/nordictrolley.dk\/produkt\/stoedbaagar-thorlift-pro\/"},"modified":"2025-01-11T21:25:11","modified_gmt":"2025-01-11T20:25:11","slug":"stoedbaagar-thorlift-pro","status":"publish","type":"product","link":"https:\/\/nordictrolley.dk\/sv\/produkt\/stoedbaagar-thorlift-pro\/","title":{"rendered":"St\u00f6db\u00e5gar ThorLift Pro"},"content":{"rendered":"<p>St\u00f6db\u00e5garna till ThorLift Pro \u00e4r perfekta f\u00f6r att ge extra balans och stabilitet vid transport av breda eller otympliga f\u00f6rem\u00e5l.<\/p>\n","protected":false},"excerpt":{"rendered":"<p>St\u00f6db\u00e5garna till ThorLift Pro \u00e4r perfekta f\u00f6r att ge extra balans och stabilitet vid transport av breda eller otympliga f\u00f6rem\u00e5l.<\/p>\n","protected":false},"featured_media":2498,"template":"","meta":[],"product_brand":[],"product_cat":[34,33],"product_tag":[],"class_list":{"0":"post-2497","1":"product","2":"type-product","3":"status-publish","4":"has-post-thumbnail","6":"product_cat-thorlift-pro","7":"product_cat-tillbehoer","9":"first","10":"instock","11":"taxable","12":"shipping-taxable","13":"purchasable","14":"product-type-simple"},"_links":{"self":[{"href":"https:\/\/nordictrolley.dk\/sv\/wp-json\/wp\/v2\/product\/2497"}],"collection":[{"href":"https:\/\/nordictrolley.dk\/sv\/wp-json\/wp\/v2\/product"}],"about":[{"href":"https:\/\/nordictrolley.dk\/sv\/wp-json\/wp\/v2\/types\/product"}],"wp:featuredmedia":[{"embeddable":true,"href":"https:\/\/nordictrolley.dk\/sv\/wp-json\/wp\/v2\/media\/2498"}],"wp:attachment":[{"href":"https:\/\/nordictrolley.dk\/sv\/wp-json\/wp\/v2\/media?parent=2497"}],"wp:term":[{"taxonomy":"product_brand","embeddable":true,"href":"https:\/\/nordictrolley.dk\/sv\/wp-json\/wp\/v2\/product_brand?post=2497"},{"taxonomy":"product_cat","embeddable":true,"href":"https:\/\/nordictrolley.dk\/sv\/wp-json\/wp\/v2\/product_cat?post=2497"},{"taxonomy":"product_tag","embeddable":true,"href":"https:\/\/nordictrolley.dk\/sv\/wp-json\/wp\/v2\/product_tag?post=2497"}],"curies":[{"name":"wp","href":"https:\/\/api.w.org\/{rel}","templated":true}]}}