{"id":2494,"date":"2025-01-11T21:21:54","date_gmt":"2025-01-11T21:21:54","guid":{"rendered":"https:\/\/nordictrolley.dk\/produkt\/xl-lastplatta-48-x-34-cm\/"},"modified":"2025-01-11T21:21:54","modified_gmt":"2025-01-11T20:21:54","slug":"xl-lastplatta-48-x-34-cm","status":"publish","type":"product","link":"https:\/\/nordictrolley.dk\/sv\/produkt\/xl-lastplatta-48-x-34-cm\/","title":{"rendered":"XL-lastplatta (48 \u00d7 34 cm)"},"content":{"rendered":"<p>Ut\u00f6ka kapaciteten p\u00e5 Er el-trapps\u00e4ckk\u00e4rra med denna extra stora lastplatta. Med m\u00e5tten 48 \u00d7 34 cm ger den en st\u00f6rre yta som \u00e4r idealisk f\u00f6r transport av st\u00f6rre eller fler f\u00f6rem\u00e5l p\u00e5 en g\u00e5ng.<\/p>\n","protected":false},"excerpt":{"rendered":"<p>Ut\u00f6ka kapaciteten p\u00e5 Er el-trapps\u00e4ckk\u00e4rra med denna extra stora lastplatta. Med m\u00e5tten 48 \u00d7 34 cm ger den en st\u00f6rre yta som \u00e4r idealisk f\u00f6r transport av st\u00f6rre eller fler f\u00f6rem\u00e5l p\u00e5 en g\u00e5ng.<\/p>\n","protected":false},"featured_media":2495,"template":"","meta":[],"product_brand":[],"product_cat":[35,34,33],"product_tag":[],"class_list":{"0":"post-2494","1":"product","2":"type-product","3":"status-publish","4":"has-post-thumbnail","6":"product_cat-larvalite","7":"product_cat-thorlift-pro","8":"product_cat-tillbehoer","10":"first","11":"instock","12":"taxable","13":"shipping-taxable","14":"purchasable","15":"product-type-simple"},"_links":{"self":[{"href":"https:\/\/nordictrolley.dk\/sv\/wp-json\/wp\/v2\/product\/2494"}],"collection":[{"href":"https:\/\/nordictrolley.dk\/sv\/wp-json\/wp\/v2\/product"}],"about":[{"href":"https:\/\/nordictrolley.dk\/sv\/wp-json\/wp\/v2\/types\/product"}],"wp:featuredmedia":[{"embeddable":true,"href":"https:\/\/nordictrolley.dk\/sv\/wp-json\/wp\/v2\/media\/2495"}],"wp:attachment":[{"href":"https:\/\/nordictrolley.dk\/sv\/wp-json\/wp\/v2\/media?parent=2494"}],"wp:term":[{"taxonomy":"product_brand","embeddable":true,"href":"https:\/\/nordictrolley.dk\/sv\/wp-json\/wp\/v2\/product_brand?post=2494"},{"taxonomy":"product_cat","embeddable":true,"href":"https:\/\/nordictrolley.dk\/sv\/wp-json\/wp\/v2\/product_cat?post=2494"},{"taxonomy":"product_tag","embeddable":true,"href":"https:\/\/nordictrolley.dk\/sv\/wp-json\/wp\/v2\/product_tag?post=2494"}],"curies":[{"name":"wp","href":"https:\/\/api.w.org\/{rel}","templated":true}]}}