{"id":2461,"date":"2024-08-22T19:30:05","date_gmt":"2024-08-22T19:30:05","guid":{"rendered":"https:\/\/nordictrolley.dk\/produkt\/spaennband-med-spaerr\/"},"modified":"2026-03-06T17:43:07","modified_gmt":"2026-03-06T16:43:07","slug":"spaennband-med-spaerr","status":"publish","type":"product","link":"https:\/\/nordictrolley.dk\/sv\/produkt\/spaennband-med-spaerr\/","title":{"rendered":"Sp\u00e4nnband med sp\u00e4rr"},"content":{"rendered":"<p>En robust sp\u00e4nnrem med sp\u00e4rr som hj\u00e4lper dig att s\u00e4kra lasten under transport. Sp\u00e4rrfunktionen m\u00f6jligg\u00f6r en snabb, enkel och s\u00e4ker fasts\u00e4ttning. Passar f\u00f6r att f\u00e4sta vitvaror, m\u00f6bler, l\u00e5dor, kontorsinredning eller andra f\u00f6rem\u00e5l s\u00e5 att de h\u00e5lls stabila p\u00e5 vagnen.<\/p>\n","protected":false},"excerpt":{"rendered":"<p>En robust sp\u00e4nnrem med sp\u00e4rr som hj\u00e4lper dig att s\u00e4kra lasten under transport. Sp\u00e4rrfunktionen m\u00f6jligg\u00f6r en snabb, enkel och s\u00e4ker fasts\u00e4ttning. Passar f\u00f6r att f\u00e4sta vitvaror, m\u00f6bler, l\u00e5dor, kontorsinredning eller andra f\u00f6rem\u00e5l s\u00e5 att de h\u00e5lls stabila p\u00e5 vagnen.<\/p>\n","protected":false},"featured_media":2462,"template":"","meta":[],"product_brand":[],"product_cat":[35,34,33],"product_tag":[],"class_list":{"0":"post-2461","1":"product","2":"type-product","3":"status-publish","4":"has-post-thumbnail","6":"product_cat-larvalite","7":"product_cat-thorlift-pro","8":"product_cat-tillbehoer","10":"first","11":"instock","12":"taxable","13":"shipping-taxable","14":"purchasable","15":"product-type-simple"},"_links":{"self":[{"href":"https:\/\/nordictrolley.dk\/sv\/wp-json\/wp\/v2\/product\/2461"}],"collection":[{"href":"https:\/\/nordictrolley.dk\/sv\/wp-json\/wp\/v2\/product"}],"about":[{"href":"https:\/\/nordictrolley.dk\/sv\/wp-json\/wp\/v2\/types\/product"}],"wp:featuredmedia":[{"embeddable":true,"href":"https:\/\/nordictrolley.dk\/sv\/wp-json\/wp\/v2\/media\/2462"}],"wp:attachment":[{"href":"https:\/\/nordictrolley.dk\/sv\/wp-json\/wp\/v2\/media?parent=2461"}],"wp:term":[{"taxonomy":"product_brand","embeddable":true,"href":"https:\/\/nordictrolley.dk\/sv\/wp-json\/wp\/v2\/product_brand?post=2461"},{"taxonomy":"product_cat","embeddable":true,"href":"https:\/\/nordictrolley.dk\/sv\/wp-json\/wp\/v2\/product_cat?post=2461"},{"taxonomy":"product_tag","embeddable":true,"href":"https:\/\/nordictrolley.dk\/sv\/wp-json\/wp\/v2\/product_tag?post=2461"}],"curies":[{"name":"wp","href":"https:\/\/api.w.org\/{rel}","templated":true}]}}