{"id":2644,"date":"2024-09-19T22:03:41","date_gmt":"2024-09-19T20:03:41","guid":{"rendered":"https:\/\/nordictrolley.dk\/100-noejdhetsgaranti\/"},"modified":"2026-03-06T18:59:34","modified_gmt":"2026-03-06T17:59:34","slug":"100-noejdhetsgaranti","status":"publish","type":"page","link":"https:\/\/nordictrolley.dk\/sv\/100-noejdhetsgaranti\/","title":{"rendered":"100 % n\u00f6jdhetsgaranti"},"content":{"rendered":"<h1>NordicTrolley erbjuder 100 % n\u00f6jdhetsgaranti<\/h1>\n\t<div id=\"text-448140331\" class=\"text\">\n\t\t\n\n<p>Din tillfredsst\u00e4llelse \u00e4r v\u00e5r prioritet! Vi str\u00e4var efter att leverera produkter och service av h\u00f6gsta kvalitet, s\u00e5 att du alltid kan k\u00e4nna dig trygg med ditt k\u00f6p. Om du inte \u00e4r helt n\u00f6jd g\u00f6r vi allt vi kan f\u00f6r att \u00e5tg\u00e4rda det.<\/p>\n<p>D\u00e4rf\u00f6r erbjuder vi 100 % n\u00f6jdhetsgaranti med 30 dagars returr\u00e4tt \u2013 g\u00e4ller b\u00e5de privat- och f\u00f6retagskunder. Returnera bara din best\u00e4llning om den inte uppfyller dina f\u00f6rv\u00e4ntningar. Hos oss handlar allt om flexibilitet och s\u00e4kerhet!<\/p>\n\t\t\n<style>\n#text-448140331 {\n  text-align: left;\n}\n<\/style>\n\t<\/div>\n\t","protected":false},"excerpt":{"rendered":"","protected":false},"author":1,"featured_media":0,"parent":0,"menu_order":0,"comment_status":"closed","ping_status":"closed","template":"","meta":{"footnotes":""},"class_list":["post-2644","page","type-page","status-publish","hentry"],"_links":{"self":[{"href":"https:\/\/nordictrolley.dk\/sv\/wp-json\/wp\/v2\/pages\/2644"}],"collection":[{"href":"https:\/\/nordictrolley.dk\/sv\/wp-json\/wp\/v2\/pages"}],"about":[{"href":"https:\/\/nordictrolley.dk\/sv\/wp-json\/wp\/v2\/types\/page"}],"author":[{"embeddable":true,"href":"https:\/\/nordictrolley.dk\/sv\/wp-json\/wp\/v2\/users\/1"}],"replies":[{"embeddable":true,"href":"https:\/\/nordictrolley.dk\/sv\/wp-json\/wp\/v2\/comments?post=2644"}],"version-history":[{"count":1,"href":"https:\/\/nordictrolley.dk\/sv\/wp-json\/wp\/v2\/pages\/2644\/revisions"}],"predecessor-version":[{"id":2646,"href":"https:\/\/nordictrolley.dk\/sv\/wp-json\/wp\/v2\/pages\/2644\/revisions\/2646"}],"wp:attachment":[{"href":"https:\/\/nordictrolley.dk\/sv\/wp-json\/wp\/v2\/media?parent=2644"}],"curies":[{"name":"wp","href":"https:\/\/api.w.org\/{rel}","templated":true}]}}