{"id":2638,"date":"2024-09-18T22:20:08","date_gmt":"2024-09-18T20:20:08","guid":{"rendered":"https:\/\/nordictrolley.dk\/leverans-och-returer\/"},"modified":"2026-03-06T18:51:42","modified_gmt":"2026-03-06T17:51:42","slug":"leverans-och-returer","status":"publish","type":"page","link":"https:\/\/nordictrolley.dk\/sv\/leverans-och-returer\/","title":{"rendered":"Leverans och returer"},"content":{"rendered":"<div class=\"row\"  id=\"row-2027285038\">\n\n\n\t<div id=\"col-211983113\" class=\"col medium-6 small-12 large-6\"  >\n\t\t\t\t<div class=\"col-inner\"  >\n\t\t\t\n\t\t\t\n\n<h1><strong>Leverans<\/strong><\/h1>\n<p>Vi skickar din best\u00e4llning inom 2 arbetsdagar och erbjuder fri leverans inom Danmark. Leverans sker till den adress du anger vid best\u00e4llning. <\/p>\n<p><strong>Internationell leverans<\/strong><br>Frakt till internationella destinationer, F\u00e4r\u00f6arna och Gr\u00f6nland \u00e4r inte gratis. V\u00e4nligen kontakta oss innan du best\u00e4ller f\u00f6r att komma \u00f6verens. <\/p>\n<p><strong>Frakt<\/strong><br>Vi skickar med transport\u00f6r, PostNord eller GLS, beroende p\u00e5 paketets storlek och vikt. Leveranstiden \u00e4r 2\u20135 arbetsdagar. S\u00e4rskilda leveransvillkor anges vid k\u00f6ptillf\u00e4llet.  <\/p>\n<p><strong>St\u00f6rre f\u00f6rs\u00e4ndelser<\/strong><br>Levereras med bud till d\u00f6rr eller gatuplan. Du m\u00e5ste vara hemma f\u00f6r att ta emot och kvittera f\u00f6r leverans. Om du vill att varan ska placeras p\u00e5 en specifik plats kan du skriva en lapp vid best\u00e4llning.  <\/p>\n<p><strong>Mottagande av varor<\/strong><br>Kontrollera varorna vid mottagandet f\u00f6r synliga skador och notera dem p\u00e5 f\u00f6ljesedeln. Dolda skador m\u00e5ste rapporteras inom 7 dagar. <\/p>\n\n\t\t<\/div>\n\t\t\t\t\t<\/div>\n\n\t\n\n\t<div id=\"col-1357176191\" class=\"col medium-6 small-12 large-6\"  >\n\t\t\t\t<div class=\"col-inner\"  >\n\t\t\t\n\t\t\t\n\n<h1 data-start=\"200\" data-end=\"233\"><strong>\u00c5ngerr\u00e4tt och returr\u00e4tt<\/strong><\/h1>\n<p data-start=\"235\" data-end=\"370\">Hos NordicTrolley har du 14 dagars lagstadgad \u00e5ngerr\u00e4tt och 30 dagars f\u00f6rl\u00e4ngd returr\u00e4tt p\u00e5 varor k\u00f6pta i v\u00e5r webbutik. Detta g\u00e4ller b\u00e5de privat- och f\u00f6retagskunder. <\/p>\n<p data-start=\"372\" data-end=\"630\"><strong data-start=\"372\" data-end=\"400\">14 dagars \u00e5ngerr\u00e4tt<\/strong><br data-start=\"400\" data-end=\"403\">Du har r\u00e4tt att \u00e5ngra ditt k\u00f6p inom 14 dagar fr\u00e5n den dag du mottagit varan. Om best\u00e4llningen inneh\u00e5ller flera varor som levereras styckvis eller i flera omg\u00e5ngar, g\u00e4ller tidsfristen fr\u00e5n den dag du mottagit den sista varan. <\/p>\n<ul data-start=\"631\" data-end=\"829\">\n<li data-start=\"631\" data-end=\"690\">\n<p data-start=\"633\" data-end=\"690\">Produkten m\u00e5ste ha testats, men inte faktiskt anv\u00e4nts.<\/p>\n<\/li>\n<li data-start=\"691\" data-end=\"738\">\n<p data-start=\"693\" data-end=\"738\">Varan m\u00e5ste returneras i sin originalf\u00f6rpackning.<\/p>\n<\/li>\n<li data-start=\"739\" data-end=\"829\">\n<p data-start=\"741\" data-end=\"829\">Saknad f\u00f6rpackning kan leda till v\u00e4rdef\u00f6rlust, vilket kommer att dras av fr\u00e5n \u00e5terbetalningen.<\/p>\n<\/li>\n<\/ul>\n<p data-start=\"831\" data-end=\"1002\"><strong data-start=\"831\" data-end=\"862\">30 dagars returr\u00e4tt (ut\u00f6kad)<\/strong><br data-start=\"862\" data-end=\"865\">Ut\u00f6ver 14 dagars \u00e5ngerr\u00e4tt erbjuder vi 30 dagars returr\u00e4tt. Denna g\u00e4ller fr\u00e5n mottagningsdatumet och inkluderar f\u00f6ljande villkor: <\/p>\n<ul data-start=\"1003\" data-end=\"1068\">\n<li data-start=\"1003\" data-end=\"1035\">\n<p data-start=\"1005\" data-end=\"1035\">Varan m\u00e5ste vara helt oanv\u00e4nd.<\/p>\n<\/li>\n<li data-start=\"1036\" data-end=\"1068\">\n<p data-start=\"1038\" data-end=\"1068\">F\u00f6rpackningen m\u00e5ste vara o\u00f6ppnad.<\/p>\n<\/li>\n<\/ul>\n<p><strong>Undantag<\/strong><br>Varor som tillverkats enligt specifika krav eller med en personlig touch omfattas inte av returr\u00e4tten.<\/p>\n<p><strong>Returer<\/strong><br>Du ansvarar f\u00f6r returfraktkostnaderna. Se till att varan \u00e4r korrekt f\u00f6rpackad under frakten. Du b\u00e4r risken f\u00f6r varan tills vi mottagit den. Vi accepterar inte paket som skickas mot postf\u00f6rskott.   <\/p>\n<p><strong>Varans skick<\/strong><br>Du ansvarar endast f\u00f6r eventuell v\u00e4rdeminskning orsakad av on\u00f6dig hantering. Varan kan provas som i en fysisk butik. Om varan har provats ut\u00f6ver detta anses den vara begagnad och du kan endast f\u00e5 en delvis \u00e5terbetalning av ink\u00f6pspriset, beroende p\u00e5 varans kommersiella v\u00e4rde vid mottagandet.  <\/p>\n<p><strong>\u00c5terbetalning<\/strong><br>N\u00e4r du avbryter ditt k\u00f6p f\u00e5r du en \u00e5terbetalning av det belopp du betalade. Eventuell v\u00e4rdeminskning som du \u00e4r ansvarig f\u00f6r kommer att dras av fr\u00e5n k\u00f6peskillingen. Vi kommer att h\u00e5lla inne \u00e5terbetalningen tills vi har mottagit varan. \u00c5terbetalningar kommer att ske via samma betalningsmetod utan on\u00f6digt dr\u00f6jsm\u00e5l.   <\/p>\n\n\t\t<\/div>\n\t\t\t\t\t<\/div>\n\n\t\n\n<\/div>","protected":false},"excerpt":{"rendered":"","protected":false},"author":1,"featured_media":0,"parent":0,"menu_order":0,"comment_status":"closed","ping_status":"closed","template":"","meta":{"footnotes":""},"class_list":["post-2638","page","type-page","status-publish","hentry"],"_links":{"self":[{"href":"https:\/\/nordictrolley.dk\/sv\/wp-json\/wp\/v2\/pages\/2638"}],"collection":[{"href":"https:\/\/nordictrolley.dk\/sv\/wp-json\/wp\/v2\/pages"}],"about":[{"href":"https:\/\/nordictrolley.dk\/sv\/wp-json\/wp\/v2\/types\/page"}],"author":[{"embeddable":true,"href":"https:\/\/nordictrolley.dk\/sv\/wp-json\/wp\/v2\/users\/1"}],"replies":[{"embeddable":true,"href":"https:\/\/nordictrolley.dk\/sv\/wp-json\/wp\/v2\/comments?post=2638"}],"version-history":[{"count":1,"href":"https:\/\/nordictrolley.dk\/sv\/wp-json\/wp\/v2\/pages\/2638\/revisions"}],"predecessor-version":[{"id":2639,"href":"https:\/\/nordictrolley.dk\/sv\/wp-json\/wp\/v2\/pages\/2638\/revisions\/2639"}],"wp:attachment":[{"href":"https:\/\/nordictrolley.dk\/sv\/wp-json\/wp\/v2\/media?parent=2638"}],"curies":[{"name":"wp","href":"https:\/\/api.w.org\/{rel}","templated":true}]}}