{"id":2636,"date":"2024-09-18T22:13:29","date_gmt":"2024-09-18T20:13:29","guid":{"rendered":"https:\/\/nordictrolley.dk\/reklamationsraett-och-garanti\/"},"modified":"2026-03-06T18:48:23","modified_gmt":"2026-03-06T17:48:23","slug":"reklamationsraett-och-garanti","status":"publish","type":"page","link":"https:\/\/nordictrolley.dk\/sv\/reklamationsraett-och-garanti\/","title":{"rendered":"Reklamationsr\u00e4tt och garanti"},"content":{"rendered":"<h1>Reklamationsr\u00e4tt och garanti<\/h1>\n<p data-start=\"141\" data-end=\"437\"><strong data-start=\"141\" data-end=\"157\">Privatkunder<\/strong><br data-start=\"157\" data-end=\"160\">Som privatkund har du 2 \u00e5rs reklamationsr\u00e4tt enligt den danska k\u00f6plagen. R\u00e4tten till garanti omfattar fel och brister orsakade av material- eller tillverkningsfel. Beroende p\u00e5 den specifika situationen kan du f\u00e5 varan reparerad, bytt, f\u00e5 pengarna tillbaka eller rabatt p\u00e5 priset.<\/p>\n<ul data-start=\"438\" data-end=\"726\">\n<li data-start=\"438\" data-end=\"546\">\n<p data-start=\"440\" data-end=\"546\">Reklamationsr\u00e4tten omfattar inte fel eller skador orsakade av felaktig hantering eller normalt slitage.<\/p>\n<\/li>\n<li data-start=\"547\" data-end=\"626\">\n<p data-start=\"549\" data-end=\"626\">Du m\u00e5ste reklamera inom &#8221;sk\u00e4lig tid&#8221; efter att du uppt\u00e4ckt felet.<\/p>\n<\/li>\n<li data-start=\"627\" data-end=\"726\">\n<p data-start=\"629\" data-end=\"726\">Vid ber\u00e4ttigat klagom\u00e5l t\u00e4cker NordicTrolley n\u00f6dv\u00e4ndiga och rimliga returkostnader.<\/p>\n<\/li>\n<\/ul>\n<p data-start=\"728\" data-end=\"959\"><strong data-start=\"728\" data-end=\"746\">F\u00f6retagskunder<\/strong><br data-start=\"746\" data-end=\"749\">F\u00f6r f\u00f6retagskunder l\u00e4mnas 1 \u00e5rs garanti om inte annat skriftligen avtalats. Garantin t\u00e4cker material- och tillverkningsfel, men inte defekter eller skador som uppst\u00e5r p\u00e5 grund av felaktig hantering eller normalt slitage.<\/p>\n<ul data-start=\"960\" data-end=\"1045\">\n<li data-start=\"960\" data-end=\"1045\">\n<p data-start=\"962\" data-end=\"1045\">F\u00f6retagskunder m\u00e5ste sj\u00e4lva st\u00e5 f\u00f6r returkostnaderna i samband med en reklamation.<\/p>\n<\/li>\n<\/ul>\n<p>Obs: Postf\u00f6rskott accepteras inte.<\/p>","protected":false},"excerpt":{"rendered":"","protected":false},"author":1,"featured_media":0,"parent":0,"menu_order":0,"comment_status":"closed","ping_status":"closed","template":"","meta":{"footnotes":""},"class_list":["post-2636","page","type-page","status-publish","hentry"],"_links":{"self":[{"href":"https:\/\/nordictrolley.dk\/sv\/wp-json\/wp\/v2\/pages\/2636"}],"collection":[{"href":"https:\/\/nordictrolley.dk\/sv\/wp-json\/wp\/v2\/pages"}],"about":[{"href":"https:\/\/nordictrolley.dk\/sv\/wp-json\/wp\/v2\/types\/page"}],"author":[{"embeddable":true,"href":"https:\/\/nordictrolley.dk\/sv\/wp-json\/wp\/v2\/users\/1"}],"replies":[{"embeddable":true,"href":"https:\/\/nordictrolley.dk\/sv\/wp-json\/wp\/v2\/comments?post=2636"}],"version-history":[{"count":1,"href":"https:\/\/nordictrolley.dk\/sv\/wp-json\/wp\/v2\/pages\/2636\/revisions"}],"predecessor-version":[{"id":2637,"href":"https:\/\/nordictrolley.dk\/sv\/wp-json\/wp\/v2\/pages\/2636\/revisions\/2637"}],"wp:attachment":[{"href":"https:\/\/nordictrolley.dk\/sv\/wp-json\/wp\/v2\/media?parent=2636"}],"curies":[{"name":"wp","href":"https:\/\/api.w.org\/{rel}","templated":true}]}}