{"id":2634,"date":"2024-09-18T19:04:25","date_gmt":"2024-09-18T17:04:25","guid":{"rendered":"https:\/\/nordictrolley.dk\/cookie-och-integritetspolicy\/"},"modified":"2026-03-06T18:42:25","modified_gmt":"2026-03-06T17:42:25","slug":"cookie-och-integritetspolicy","status":"publish","type":"page","link":"https:\/\/nordictrolley.dk\/sv\/cookie-och-integritetspolicy\/","title":{"rendered":"Cookie och integritetspolicy"},"content":{"rendered":"<h1>Cookie- och integritetspolicy hos NordicTrolley<\/h1>\n<p>Introduktion<br>N\u00e4r du bes\u00f6ker v\u00e5r webbplats samlas information om dig in, vilken anv\u00e4nds f\u00f6r att anpassa och f\u00f6rb\u00e4ttra v\u00e5rt inneh\u00e5ll och f\u00f6r att \u00f6ka v\u00e4rdet p\u00e5 de annonser som visas p\u00e5 webbplatsen. Om du inte vill att information samlas in b\u00f6r du radera dina cookies (<strong><a href=\"http:\/\/minecookies.org\/cookiehandtering\" target=\"_blank\" rel=\"noopener\">se instruktioner<\/a><\/strong>) och avst\u00e5 fr\u00e5n vidare anv\u00e4ndning av webbplatsen. Nedan har vi f\u00f6rklarat vilken information som samlas in, dess syfte och vilka tredje parter som har tillg\u00e5ng till den.  <\/p>\n<p><strong>Cookies<\/strong><br>Webbplatsen anv\u00e4nder &#8221;cookies&#8221;, det vill s\u00e4ga textfiler som lagras p\u00e5 din dator, mobiltelefon eller liknande enhet i syfte att k\u00e4nna igen den, komma ih\u00e5g inst\u00e4llningar, utf\u00f6ra statistik och rikta annonser. Cookies kan inte inneh\u00e5lla skadlig kod som virus. <\/p>\n<p>Det \u00e4r m\u00f6jligt att ta bort eller blockera cookies. Se instruktioner: <a class=\"\" href=\"http:\/\/minecookies.org\/cookiehandtering\" target=\"_blank\" rel=\"noopener\">http:\/\/minecookies.org\/cookiehandtering<\/a> <\/p>\n<p>Om du tar bort eller blockerar cookies kan annonser bli mindre relevanta f\u00f6r dig och visas oftare. Du kan ocks\u00e5 riskera att webbplatsen inte fungerar optimalt och att det finns inneh\u00e5ll som du inte kan komma \u00e5t. <\/p>\n<h2>Personoplysninger<\/h2>\n<p><strong>Allm\u00e4nt<\/strong><br>Personuppgifter \u00e4r all slags information som i viss utstr\u00e4ckning kan h\u00e4nf\u00f6ras till dig. N\u00e4r du anv\u00e4nder v\u00e5r webbplats samlar vi in \u200b\u200boch behandlar ett antal s\u00e5dana uppgifter. Detta sker till exempel n\u00e4r du f\u00e5r tillg\u00e5ng till inneh\u00e5ll i allm\u00e4nhet, om du anm\u00e4ler dig till v\u00e5rt nyhetsbrev, deltar i t\u00e4vlingar eller unders\u00f6kningar, registrerar dig som anv\u00e4ndare eller prenumerant, p\u00e5 annat s\u00e4tt anv\u00e4nder tj\u00e4nster eller g\u00f6r k\u00f6p via webbplatsen.  <\/p>\n<p>Vi samlar vanligtvis in och behandlar f\u00f6ljande typer av information: Ett unikt ID och teknisk information om din dator, surfplatta eller mobiltelefon, ditt IP-nummer, geografisk plats och vilka sidor du klickar p\u00e5 (intressen). I den utstr\u00e4ckning du ger uttryckligt samtycke till detta och sj\u00e4lv anger informationen behandlas \u00e4ven f\u00f6ljande: Namn, telefonnummer, e-postadress, adress och betalningsinformation. Detta sker vanligtvis i samband med att du skapar en inloggning eller vid ett k\u00f6p.  <\/p>\n<p><strong>S\u00e4kerhet<\/strong><br>Vi behandlar dina personuppgifter s\u00e4kert och konfidentiellt i enlighet med g\u00e4llande lagstiftning, inklusive den allm\u00e4nna dataskyddsf\u00f6rordningen och dataskyddslagen.<br>Din information kommer endast att anv\u00e4ndas f\u00f6r det \u00e4ndam\u00e5l f\u00f6r vilket den samlades in och kommer att raderas n\u00e4r detta syfte har uppfyllts eller inte l\u00e4ngre \u00e4r relevant.<br>Vi har vidtagit tekniska och organisatoriska \u00e5tg\u00e4rder f\u00f6r att f\u00f6rhindra att din information av misstag eller olagligen raderas, publiceras, f\u00f6rloras, f\u00f6rs\u00e4mras eller kommer till obeh\u00f6riga personers k\u00e4nnedom, missbrukas eller p\u00e5 annat s\u00e4tt behandlas i strid med lagen.<\/p>\n<p><strong>Syfte<\/strong><br>Informationen anv\u00e4nds f\u00f6r att identifiera dig som anv\u00e4ndare och visa dig de annonser som sannolikt \u00e4r relevanta f\u00f6r dig, f\u00f6r att registrera dina k\u00f6p och betalningar samt f\u00f6r att tillhandah\u00e5lla de tj\u00e4nster du har beg\u00e4rt, till exempel att skicka ett nyhetsbrev. Vi anv\u00e4nder ocks\u00e5 informationen f\u00f6r att optimera v\u00e5ra tj\u00e4nster och inneh\u00e5ll. <\/p>\n<p><strong>Lagringsperiod<\/strong><br>Informationen lagras under den period som lagen till\u00e5ter och vi raderar den n\u00e4r den inte l\u00e4ngre \u00e4r n\u00f6dv\u00e4ndig. Perioden beror p\u00e5 informationens karakt\u00e4r och anledningen till lagringen. Det \u00e4r d\u00e4rf\u00f6r inte m\u00f6jligt att ange en generell tidsram f\u00f6r n\u00e4r information raderas.  <\/p>\n<p><strong>Utl\u00e4mnande av information<\/strong><br>Uppgifter om din anv\u00e4ndning av webbplatsen, vilka annonser du f\u00e5r och eventuellt klickar p\u00e5, geografisk plats, k\u00f6n och \u00e5lderssegment etc. l\u00e4mnas ut till tredje part i den utstr\u00e4ckning denna information \u00e4r k\u00e4nd. Du kan se vilka tredje parter som \u00e4r inblandade i avsnittet om &#8221;Cookies&#8221; ovan. Informationen anv\u00e4nds f\u00f6r riktad annonsering.  <\/p>\n<p>Vi anv\u00e4nder \u00e4ven ett antal tredje parter f\u00f6r att lagra och behandla data. Dessa parter behandlar endast information f\u00f6r v\u00e5r r\u00e4kning och f\u00e5r inte anv\u00e4nda den f\u00f6r egna \u00e4ndam\u00e5l. <\/p>\n<p>Utl\u00e4mnande av personuppgifter s\u00e5som namn och e-postadress etc. kommer endast att ske om du samtycker till det. Vi anv\u00e4nder endast personuppgiftsbitr\u00e4den inom EU eller i l\u00e4nder som kan ge din information ett adekvat skydd. <\/p>\n<p>Insyn och klagom\u00e5l<br>Du har r\u00e4tt att f\u00e5 information om vilka personuppgifter vi behandlar om dig i ett gemensamt format (dataportabilitet). Du kan ocks\u00e5 n\u00e4r som helst inv\u00e4nda mot anv\u00e4ndningen av informationen. Du kan ocks\u00e5 \u00e5terkalla ditt samtycke till behandling av information om dig. Om informationen som behandlas om dig \u00e4r felaktig har du r\u00e4tt att f\u00e5 den r\u00e4ttad eller raderad. Fr\u00e5gor om detta kan g\u00f6ras till: <strong>info@nordictrolley.dk<\/strong>. Om du vill klaga p\u00e5 v\u00e5r behandling av dina personuppgifter har du ocks\u00e5 m\u00f6jlighet att kontakta <span class=\"email\">Dataskyddsmyndigheten<\/span>.<br>Om du inte l\u00e4ngre vill att vi ska behandla dina personuppgifter, eller att vi ska begr\u00e4nsa behandlingen av dina personuppgifter, kan du ocks\u00e5 skicka en beg\u00e4ran om detta till ovan n\u00e4mnda <a href=\"http:\/\/www.datatilsynet.dk\/\" target=\"_blank\" rel=\"noopener\">e-postadress<\/a>. <br>     <\/p>\n<p><strong>Utgivare<\/strong><br>Webbplatsen \u00e4gs och publiceras av:<\/p>\n<p><span class=\"company\">UNI International Commerce<\/span><br><span class=\"vejnavn\">Rolfs Plads 17, 1. th.<\/span><br><span class=\"postnummer\">2000 Frederiksberg<\/span><br>Telefon: <span class=\"telefon\">60606060<\/span><br>E-post: <span class=\"email\">info@nordictrolley.dk<\/span><\/p>","protected":false},"excerpt":{"rendered":"","protected":false},"author":1,"featured_media":0,"parent":0,"menu_order":0,"comment_status":"closed","ping_status":"closed","template":"","meta":{"footnotes":""},"class_list":["post-2634","page","type-page","status-publish","hentry"],"_links":{"self":[{"href":"https:\/\/nordictrolley.dk\/sv\/wp-json\/wp\/v2\/pages\/2634"}],"collection":[{"href":"https:\/\/nordictrolley.dk\/sv\/wp-json\/wp\/v2\/pages"}],"about":[{"href":"https:\/\/nordictrolley.dk\/sv\/wp-json\/wp\/v2\/types\/page"}],"author":[{"embeddable":true,"href":"https:\/\/nordictrolley.dk\/sv\/wp-json\/wp\/v2\/users\/1"}],"replies":[{"embeddable":true,"href":"https:\/\/nordictrolley.dk\/sv\/wp-json\/wp\/v2\/comments?post=2634"}],"version-history":[{"count":1,"href":"https:\/\/nordictrolley.dk\/sv\/wp-json\/wp\/v2\/pages\/2634\/revisions"}],"predecessor-version":[{"id":2635,"href":"https:\/\/nordictrolley.dk\/sv\/wp-json\/wp\/v2\/pages\/2634\/revisions\/2635"}],"wp:attachment":[{"href":"https:\/\/nordictrolley.dk\/sv\/wp-json\/wp\/v2\/media?parent=2634"}],"curies":[{"name":"wp","href":"https:\/\/api.w.org\/{rel}","templated":true}]}}