{"id":2632,"date":"2024-09-17T21:09:15","date_gmt":"2024-09-17T19:09:15","guid":{"rendered":"https:\/\/nordictrolley.dk\/personuppgiftspolicy\/"},"modified":"2026-03-06T18:35:01","modified_gmt":"2026-03-06T17:35:01","slug":"personuppgiftspolicy","status":"publish","type":"page","link":"https:\/\/nordictrolley.dk\/sv\/personuppgiftspolicy\/","title":{"rendered":"Personuppgiftspolicy"},"content":{"rendered":"<div>\n<h1>Personuppgiftspolicy hos NordicTrolley<\/h1>\n<p>Vi samlar endast in personuppgifter i de fall d\u00e4r det \u00e4r relevant f\u00f6r oss, och vi kommer endast att samla in personuppgifter om det \u00e4r relevant f\u00f6r din aktivitet p\u00e5 NordicTrolley.<\/p>\n<p>N\u00e4r vi samlar in, behandlar och anv\u00e4nder dina personuppgifter f\u00f6ljer vi alltid alla relevanta lagbest\u00e4mmelser.<\/p>\n<p>Vi kommer endast att lagra dina personuppgifter s\u00e5 l\u00e4nge vi antingen \u00e4r lagligt skyldiga att g\u00f6ra det eller s\u00e5 l\u00e4nge det \u00e4r relevant f\u00f6r det \u00e4ndam\u00e5l f\u00f6r vilket de samlades in.<\/p>\n<h2>Information vi samlar in<\/h2>\n<p class=\"webshop\">Om du vill k\u00f6pa och ta emot en produkt eller tj\u00e4nst fr\u00e5n oss beh\u00f6ver vi samla in vissa personuppgifter f\u00f6r att slutf\u00f6ra transaktionen och f\u00f6r att kunna erbjuda dig v\u00e5ra tj\u00e4nster. Vi kan anv\u00e4nda cookies f\u00f6r att h\u00e5lla reda p\u00e5 inneh\u00e5llet i din varukorg medan du anv\u00e4nder v\u00e5r webbutik.<\/p>\n<p class=\"webshop\">Vi kan komma att samla in information s\u00e5som namn, e-postadress, postadress, leveransadress (om den skiljer sig fr\u00e5n postadressen), telefonnummer och betalningsinformation.<\/p>\n<p>NordicTrolley samlar in och behandlar dina personuppgifter n\u00e4r du g\u00f6r f\u00f6ljande:<\/p>\n<p>&#8211; Bes\u00f6ker v\u00e5r webbplats<br>&#8211; G\u00f6r ett k\u00f6p av v\u00e5ra produkter<br>&#8211; Skapar ett konto<br>&#8211; Prenumererar p\u00e5 v\u00e5rt nyhetsbrev<br>&#8211; Recenserar v\u00e5r webbplats<br>&#8211; Skickar fr\u00e5gor, klagom\u00e5l eller feedback till oss<\/p>\n<h2>Den personuppgiftsansvarige<\/h2>\n<p>Personuppgiftsansvarig f\u00f6r insamling, behandling och anv\u00e4ndning av dina personuppgifter p\u00e5 www.nordictrolley.dk \u00e4r NordicTrolley, Rolfs Plads 17, 1. th., 2000 Frederiksberg, cvr-nummer DK42199524<\/p>\n<h2>Grund och syfte med behandlingen<\/h2>\n<p>Vi samlar in dina allm\u00e4nna kontaktuppgifter s\u00e5som namn och adress f\u00f6r att kunna leverera den produkt eller tj\u00e4nst du har k\u00f6pt fr\u00e5n oss. Vi samlar in din e-postadress f\u00f6r att kunna skicka en orderbekr\u00e4ftelse och en leveransbekr\u00e4ftelse till dig.<\/p>\n<p class=\"webshop\">N\u00e4r du betalar f\u00f6r din produkt eller tj\u00e4nst samlar vi in \u200b\u200bditt namn, kortuppgifter och IP-adress. Informationen som samlas in i samband med betalningstransaktionen anv\u00e4nds och lagras endast f\u00f6r betalningsbehandling och fullg\u00f6rande av ing\u00e5nget avtal. Vid betalningar kommer vissa av dina uppgifter att vidarebefordras till FreePay, inklusive information som \u00e4r n\u00f6dv\u00e4ndig f\u00f6r att slutf\u00f6ra eller st\u00f6dja betalningen, s\u00e5som det totala k\u00f6pebeloppet och faktureringsinformation.<\/p>\n<p class=\"nyhedsbrev\">Om du har gett oss ditt samtycke under registreringsprocessen eller p\u00e5 v\u00e5r webbplats kommer vi att anv\u00e4nda din e-postadress f\u00f6r att skicka ett nyhetsbrev till dig. Du kan n\u00e4r som helst prenumerera p\u00e5 och avsluta prenumerationen p\u00e5 nyhetsbrevet. Alla nyhetsbrev inneh\u00e5ller ocks\u00e5 en l\u00e4nk f\u00f6r att avsluta prenumerationen. Om behandlingen av personuppgifter grundar sig p\u00e5 ditt samtycke har du r\u00e4tt att n\u00e4r som helst \u00e5terkalla ditt samtycke.<\/p>\n<p class=\"webshop\">Om du inte vill l\u00e4mna de personuppgifter som kr\u00e4vs f\u00f6r att slutf\u00f6ra ett k\u00f6p av en produkt kommer du tyv\u00e4rr inte att kunna k\u00f6pa produkter fr\u00e5n oss p\u00e5 v\u00e5r webbplats.<\/p>\n<p>Din information (f\u00f6rutom din e-postadress, om du har samtyckt till att den behandlas i syfte att ta emot erbjudanden) kommer att raderas 5 \u00e5r efter att du har mottagit din produkt eller tj\u00e4nst.<\/p>\n<h2>Andra mottagare av personuppgifter<\/h2>\n<p>Vi s\u00e4ljer inte dina personuppgifter till tredje part och vi \u00f6verf\u00f6r inte dina personuppgifter till tredjel\u00e4nder.<\/p>\n<p class=\"bruger_anmelder\">Om du v\u00e4ljer att recensera v\u00e5r webbplats kommer ditt namn och din e-postadress att \u00f6verf\u00f6ras till Trustpilots recensionssajt.<\/p>\n<p>Vi har v\u00e5r webbplats p\u00e5 Punktum.dk och betalningssystem via FreePay, som fungerar som v\u00e5r databehandlare. Alla personuppgifter som du l\u00e4mnar p\u00e5 v\u00e5r webbplats kommer att lagras i Punktum.dks datacenter.<\/p>\n<p class=\"ekstern\">Vi anv\u00e4nder externa f\u00f6retag som leverant\u00f6rer f\u00f6r att leverera v\u00e5ra tj\u00e4nster p\u00e5 b\u00e4sta m\u00f6jliga s\u00e4tt. Dessa externa leverant\u00f6rer \u00e4r personuppgiftsbitr\u00e4den och behandlar i vissa fall personuppgifter i samband med att de tillhandah\u00e5ller tj\u00e4nster till oss. V\u00e5ra personuppgiftsbehandlare behandlar endast personuppgifter enligt v\u00e5ra instruktioner och i enlighet med de lagstadgade kraven f\u00f6r personuppgiftsbehandlare.<\/p>\n<p>Vi har ing\u00e5tt databehandlingsavtal med v\u00e5ra databehandlare, vilket \u00e4r v\u00e5r garanti f\u00f6r att de f\u00f6ljer g\u00e4llande regler om skydd av dina personuppgifter.<\/p>\n<h2>Dina r\u00e4ttigheter<\/h2>\n<p>Som registrerad har du ett antal r\u00e4ttigheter som vi m\u00e5ste s\u00e4kerst\u00e4lla att de uppfylls hela tiden. Du har r\u00e4tt att beg\u00e4ra f\u00f6ljande fr\u00e5n oss:<br>\u2022 Att f\u00e5 tillg\u00e5ng till och korrigera\/\u00e4ndra dina personuppgifter<br>\u2022 Att f\u00e5 dina personuppgifter raderade<\/p>\n<p>Du har ocks\u00e5 r\u00e4tt att inv\u00e4nda mot behandlingen av dina personuppgifter och du har r\u00e4tt att l\u00e4mna in ett klagom\u00e5l till en dataskyddsmyndighet.<\/p>\n<p>Om du inte l\u00e4ngre vill att vi behandlar dina personuppgifter, eller om du vill att vi begr\u00e4nsar behandlingen av dina personuppgifter, kan du ocks\u00e5 skicka en beg\u00e4ran om detta till v\u00e5r e-postadress info@nordictrolley.dk.<\/p>\n<\/div>","protected":false},"excerpt":{"rendered":"","protected":false},"author":1,"featured_media":0,"parent":0,"menu_order":0,"comment_status":"closed","ping_status":"closed","template":"","meta":{"footnotes":""},"class_list":["post-2632","page","type-page","status-publish","hentry"],"_links":{"self":[{"href":"https:\/\/nordictrolley.dk\/sv\/wp-json\/wp\/v2\/pages\/2632"}],"collection":[{"href":"https:\/\/nordictrolley.dk\/sv\/wp-json\/wp\/v2\/pages"}],"about":[{"href":"https:\/\/nordictrolley.dk\/sv\/wp-json\/wp\/v2\/types\/page"}],"author":[{"embeddable":true,"href":"https:\/\/nordictrolley.dk\/sv\/wp-json\/wp\/v2\/users\/1"}],"replies":[{"embeddable":true,"href":"https:\/\/nordictrolley.dk\/sv\/wp-json\/wp\/v2\/comments?post=2632"}],"version-history":[{"count":1,"href":"https:\/\/nordictrolley.dk\/sv\/wp-json\/wp\/v2\/pages\/2632\/revisions"}],"predecessor-version":[{"id":2633,"href":"https:\/\/nordictrolley.dk\/sv\/wp-json\/wp\/v2\/pages\/2632\/revisions\/2633"}],"wp:attachment":[{"href":"https:\/\/nordictrolley.dk\/sv\/wp-json\/wp\/v2\/media?parent=2632"}],"curies":[{"name":"wp","href":"https:\/\/api.w.org\/{rel}","templated":true}]}}