{"id":2614,"date":"2024-07-29T22:44:40","date_gmt":"2024-07-29T20:44:40","guid":{"rendered":"https:\/\/nordictrolley.dk\/om-oss\/"},"modified":"2026-03-07T17:01:52","modified_gmt":"2026-03-07T16:01:52","slug":"om-oss","status":"publish","type":"page","link":"https:\/\/nordictrolley.dk\/sv\/om-oss\/","title":{"rendered":"Om oss"},"content":{"rendered":"<div class=\"row\"  id=\"row-1212405553\">\n\n\n\t<div id=\"col-12446418\" class=\"col medium-6 small-12 large-6\"  >\n\t\t\t\t<div class=\"col-inner\"  >\n\t\t\t\n\t\t\t\n\n\t<div id=\"text-298335294\" class=\"text\">\n\t\t\n\n<h1>Om oss<\/h1>\n\t\t\n<style>\n#text-298335294 {\n  font-size: 1.75rem;\n  color: rgb(0,0,0);\n}\n#text-298335294 > * {\n  color: rgb(0,0,0);\n}\n<\/style>\n\t<\/div>\n\t\n\t<div id=\"text-2411903870\" class=\"text\">\n\t\t\n\n<p>H\u00e4r kan du l\u00e4sa om vilka vi \u00e4r, varf\u00f6r vi finns och vad v\u00e5r vision f\u00f6r framtiden \u00e4r.<\/p>\n\t\t\n<style>\n#text-2411903870 {\n  color: rgb(0,0,0);\n}\n#text-2411903870 > * {\n  color: rgb(0,0,0);\n}\n<\/style>\n\t<\/div>\n\t\n<h3>Virksomhed<\/h3>\n<p>NordicTrolley \u00e4r ett danskt f\u00f6retag med ett tydligt uppdrag: att g\u00f6ra det enklare och s\u00e4krare att transportera tunga f\u00f6rem\u00e5l i trappor. Genom att minska fysisk belastning och slitage p\u00e5 kroppen bidrar v\u00e5ra elektriska trappkl\u00e4ttrare till en mer ergonomisk och effektiv arbetsdag. <\/p>\n<p>Vi levererar elektriska trappkl\u00e4ttrare d\u00e4r funktionalitet, design och kompromissl\u00f6s kvalitet \u00e4r av st\u00f6rsta vikt \u2013 och alltid till konkurrenskraftiga priser. V\u00e5ra produkter \u00e4r CE-m\u00e4rkta och uppfyller de str\u00e4ngaste standarderna, vilket garanterar b\u00e5de l\u00e5ng livsl\u00e4ngd, h\u00f6g s\u00e4kerhet och optimal prestanda. F\u00f6rutom att vara tekniskt avancerade \u00e4r de designade i Danmark med ett snyggt och professionellt utseende.<\/p>\n\n\t\t<\/div>\n\t\t\t\t\t<\/div>\n\n\t\n\n\t<div id=\"col-364145654\" class=\"col medium-6 small-12 large-6\"  data-animate=\"bounceInRight\">\n\t\t\t\t<div class=\"col-inner\"  >\n\t\t\t\n\t\t\t\n\n\t<div class=\"box has-hover   has-hover box-none box-text-bottom\" >\n\n\t\t<div class=\"box-image\" style=\"border-radius:10%;\">\n\t\t\t\t\t\t<div class=\"\" >\n\t\t\t\t<img loading=\"lazy\" decoding=\"async\" width=\"1080\" height=\"1080\" src=\"https:\/\/nordictrolley.dk\/wp-content\/uploads\/2025\/04\/White-Aesthetic-Best-Seller-Product-With-Podium-Instagram-Post-1.png\" class=\"attachment- size-\" alt=\"\" srcset=\"https:\/\/nordictrolley.dk\/wp-content\/uploads\/2025\/04\/White-Aesthetic-Best-Seller-Product-With-Podium-Instagram-Post-1.png 1080w, https:\/\/nordictrolley.dk\/wp-content\/uploads\/2025\/04\/White-Aesthetic-Best-Seller-Product-With-Podium-Instagram-Post-1-300x300.png 300w, https:\/\/nordictrolley.dk\/wp-content\/uploads\/2025\/04\/White-Aesthetic-Best-Seller-Product-With-Podium-Instagram-Post-1-1024x1024.png 1024w, https:\/\/nordictrolley.dk\/wp-content\/uploads\/2025\/04\/White-Aesthetic-Best-Seller-Product-With-Podium-Instagram-Post-1-150x150.png 150w, https:\/\/nordictrolley.dk\/wp-content\/uploads\/2025\/04\/White-Aesthetic-Best-Seller-Product-With-Podium-Instagram-Post-1-768x768.png 768w, https:\/\/nordictrolley.dk\/wp-content\/uploads\/2025\/04\/White-Aesthetic-Best-Seller-Product-With-Podium-Instagram-Post-1-60x60.png 60w, https:\/\/nordictrolley.dk\/wp-content\/uploads\/2025\/04\/White-Aesthetic-Best-Seller-Product-With-Podium-Instagram-Post-1-110x110.png 110w, https:\/\/nordictrolley.dk\/wp-content\/uploads\/2025\/04\/White-Aesthetic-Best-Seller-Product-With-Podium-Instagram-Post-1-247x247.png 247w, https:\/\/nordictrolley.dk\/wp-content\/uploads\/2025\/04\/White-Aesthetic-Best-Seller-Product-With-Podium-Instagram-Post-1-510x510.png 510w, https:\/\/nordictrolley.dk\/wp-content\/uploads\/2025\/04\/White-Aesthetic-Best-Seller-Product-With-Podium-Instagram-Post-1-100x100.png 100w\" sizes=\"(max-width: 1080px) 100vw, 1080px\" \/>\t\t\t\t\t\t\t\t\t\t\t<\/div>\n\t\t\t\t\t<\/div>\n\n\t\t<div class=\"box-text text-center\" >\n\t\t\t<div class=\"box-text-inner\">\n\t\t\t\t\n\n<h4>A title<\/h4>\n<p>Image Box text<\/p>\n\n\t\t\t<\/div>\n\t\t<\/div>\n\t<\/div>\n\t\n\n\t\t<\/div>\n\t\t\t\t\t<\/div>\n\n\t\n\n<\/div>\n<div class=\"row\"  id=\"row-1098768233\">\n\n\n\t<div id=\"col-292977776\" class=\"col medium-6 small-12 large-6\"  data-animate=\"bounceInLeft\">\n\t\t\t\t<div class=\"col-inner\"  >\n\t\t\t\n\t\t\t\n\n\t<div class=\"box has-hover   has-hover box-none box-text-bottom\" >\n\n\t\t<div class=\"box-image\" style=\"border-radius:9%;\">\n\t\t\t\t\t\t<div class=\"\" >\n\t\t\t\t<img loading=\"lazy\" decoding=\"async\" width=\"2000\" height=\"2000\" src=\"https:\/\/nordictrolley.dk\/wp-content\/uploads\/2024\/09\/9-1.png\" class=\"attachment- size-\" alt=\"\" srcset=\"https:\/\/nordictrolley.dk\/wp-content\/uploads\/2024\/09\/9-1.png 2000w, https:\/\/nordictrolley.dk\/wp-content\/uploads\/2024\/09\/9-1-300x300.png 300w, https:\/\/nordictrolley.dk\/wp-content\/uploads\/2024\/09\/9-1-1024x1024.png 1024w, https:\/\/nordictrolley.dk\/wp-content\/uploads\/2024\/09\/9-1-150x150.png 150w, https:\/\/nordictrolley.dk\/wp-content\/uploads\/2024\/09\/9-1-768x768.png 768w, https:\/\/nordictrolley.dk\/wp-content\/uploads\/2024\/09\/9-1-1536x1536.png 1536w, https:\/\/nordictrolley.dk\/wp-content\/uploads\/2024\/09\/9-1-60x60.png 60w, https:\/\/nordictrolley.dk\/wp-content\/uploads\/2024\/09\/9-1-110x110.png 110w, https:\/\/nordictrolley.dk\/wp-content\/uploads\/2024\/09\/9-1-247x247.png 247w, https:\/\/nordictrolley.dk\/wp-content\/uploads\/2024\/09\/9-1-510x510.png 510w, https:\/\/nordictrolley.dk\/wp-content\/uploads\/2024\/09\/9-1-100x100.png 100w\" sizes=\"(max-width: 2000px) 100vw, 2000px\" \/>\t\t\t\t\t\t\t\t\t\t\t<\/div>\n\t\t\t\t\t<\/div>\n\n\t\t<div class=\"box-text text-center\" >\n\t\t\t<div class=\"box-text-inner\">\n\t\t\t\t\n\n<h4>A title<\/h4>\n<p>Image Box text<\/p>\n\n\t\t\t<\/div>\n\t\t<\/div>\n\t<\/div>\n\t\n\n\t\t<\/div>\n\t\t\t\t\t<\/div>\n\n\t\n\n\t<div id=\"col-638461357\" class=\"col medium-6 small-12 large-6\"  >\n\t\t\t\t<div class=\"col-inner\"  >\n\t\t\t\n\t\t\t\n\n\t<div id=\"text-2600748388\" class=\"text\">\n\t\t\n\n<p>V\u00e5rt urval \u00e4r noggrant sammanst\u00e4llt f\u00f6r att m\u00f6ta v\u00e5ra kunders specifika behov, och vi har valt att h\u00e5lla sortimentet begr\u00e4nsat s\u00e5 att vi kan fokusera p\u00e5 att leverera produkter av h\u00f6gsta kvalitet.<\/p>\n<h3><strong>Vision<\/strong><\/h3>\n<p>NordicTrolleys vision \u00e4r att bli Nordens ledande leverant\u00f6r av elektriska trappkl\u00e4ttrare. V\u00e5ra produkter anv\u00e4nds inom en m\u00e4ngd olika branscher, inklusive hantverk, kontor, handel, frakt och catering. Vi skapar l\u00f6sningar som g\u00f6r vardagen enklare och effektivare, oavsett vilken bransch du arbetar i. Med fokus p\u00e5 h\u00f6g kvalitet och funktionalitet s\u00e4kerst\u00e4ller vi att v\u00e5ra elektriska trappkl\u00e4ttrare alltid uppfyller dina f\u00f6rv\u00e4ntningar.<\/p>\n<h3>Kontakta<\/h3>\n<p>.Om du har n\u00e5gra fr\u00e5gor om v\u00e5ra produkter eller beh\u00f6ver hj\u00e4lp med att v\u00e4lja r\u00e4tt l\u00f6sning \u00e4r du alltid v\u00e4lkommen att <a href=\"https:\/\/nordictrolley.dk\/sv\/kundservice\/\">kontakta oss<\/a>. Vi \u00e4r redo att hj\u00e4lpa till.<\/p>\n\t\t\n<style>\n#text-2600748388 {\n  font-size: 1rem;\n  text-align: left;\n}\n<\/style>\n\t<\/div>\n\t\n\n\t\t<\/div>\n\t\t\t\t\t<\/div>\n\n\t\n\n<\/div>","protected":false},"excerpt":{"rendered":"","protected":false},"author":1,"featured_media":0,"parent":0,"menu_order":0,"comment_status":"closed","ping_status":"closed","template":"","meta":{"footnotes":""},"class_list":["post-2614","page","type-page","status-publish","hentry"],"_links":{"self":[{"href":"https:\/\/nordictrolley.dk\/sv\/wp-json\/wp\/v2\/pages\/2614"}],"collection":[{"href":"https:\/\/nordictrolley.dk\/sv\/wp-json\/wp\/v2\/pages"}],"about":[{"href":"https:\/\/nordictrolley.dk\/sv\/wp-json\/wp\/v2\/types\/page"}],"author":[{"embeddable":true,"href":"https:\/\/nordictrolley.dk\/sv\/wp-json\/wp\/v2\/users\/1"}],"replies":[{"embeddable":true,"href":"https:\/\/nordictrolley.dk\/sv\/wp-json\/wp\/v2\/comments?post=2614"}],"version-history":[{"count":11,"href":"https:\/\/nordictrolley.dk\/sv\/wp-json\/wp\/v2\/pages\/2614\/revisions"}],"predecessor-version":[{"id":2795,"href":"https:\/\/nordictrolley.dk\/sv\/wp-json\/wp\/v2\/pages\/2614\/revisions\/2795"}],"wp:attachment":[{"href":"https:\/\/nordictrolley.dk\/sv\/wp-json\/wp\/v2\/media?parent=2614"}],"curies":[{"name":"wp","href":"https:\/\/api.w.org\/{rel}","templated":true}]}}